{"id":6720,"date":"2018-05-21T18:13:09","date_gmt":"2018-05-21T18:13:09","guid":{"rendered":"http:\/\/www.raijmr.com\/ijre\/?page_id=6720"},"modified":"2018-05-21T18:13:09","modified_gmt":"2018-05-21T18:13:09","slug":"peer-review-committee-members","status":"publish","type":"page","link":"https:\/\/raijmr.com\/riap\/peer-review-committee-members\/","title":{"rendered":"Peer Review Committee Members"},"content":{"rendered":"<div class=\"wpb-content-wrapper\"><p>[vc_row][vc_column width=&#8221;1\/2&#8243;][vc_column_text]<span style=\"color: #3366ff;\"><strong>Peer Review Committee Members<\/strong><\/span><br \/>\nDr. Michael O. Akintayo, USA.<br \/>\nDr. Vasileios Pappas, Greece.<br \/>\nDr. \u015e\u00fckran \u00d6ZKAHRAMAN, Turkey.<br \/>\nDr. Eun-Suk SA., South Korea.<br \/>\nDr. Terri Mannarini, Italy.<br \/>\nProf. Khunou Freddie, South Africa.<br \/>\nDr. Jayaben Barevadia (Surat)<br \/>\nDr. Dipika B. Shah (VNSGU-Surat)<br \/>\nDr. V. K. Sapovadia (Ahmedabad)<br \/>\nDr. Shrikhande (Ins. of Mgt. Pune)<br \/>\nDr. D. R. Dodiya (Gandhinagar)<br \/>\nDr. Chhaya Chavda (V.Vidhyanagar)<br \/>\nDr. Tejal Sheth (Ganpat Uni. Mehsana)<br \/>\nDr. Avdhesh Gupta (KJIME-Kalol)<br \/>\nDr. Bhuvan Raval (KJIM-Kalol)<br \/>\nDr. V. V. Chaudhari (Mehsana)<br \/>\nDr. Raysinghbhai B. Chaudhari (Surat)<br \/>\nDr. Jignesh P. Modi (Mehsana)<br \/>\nDr. Mahesh R. Solanki (Anand)<br \/>\nDr. Viral Jadav(Ahmedabad)<br \/>\nDr. Ajaykumar M. Raval (Palanpur)<br \/>\nDr. G. Muppudathi (Tamilnadu)<br \/>\nProf. Ganesh Pundlikrao Khandare (\u2018NAAC\u2019 Steering Committee Member)<br \/>\nMiss Nisha G. Maharaj (Tolani Institute of Commerce, Kutch)<br \/>\nDr. Sunil K. Joshi (VTs-Member-NCTE)<br \/>\nDr. M. K. Yagnik(V. V. Nagar)<br \/>\nDr. J. I. Patel (Mehsana)<br \/>\nDr. M. L. Joshi (Vision-A\u2019bad)<br \/>\nDr. Dinubhai Chaudhary(Mehsana)<br \/>\nDr. Pinakin Yagnik (Anand)<br \/>\nDr. Ashok S. Thakkar (Patan)<br \/>\nDr. Rajesh S. Vyas (Modasa)<br \/>\nDr. K. S. Dedun (Daramali)<br \/>\nDr. A.D.Shah (Ahmedabad)<br \/>\nDr. Vinod Asudani (Nagpur)<br \/>\nMrs. Monika R. Seth (Nagpur)<br \/>\nDr. Dixa H. Savla (Anand)<br \/>\nDr.(Mrs) Chhanda Chatterjee (West Bengal)[\/vc_column_text][\/vc_column][vc_column width=&#8221;1\/2&#8243;][vc_column_text]<span style=\"color: #3366ff;\"><strong>Peer Review Committee Members<\/strong><\/span><br \/>\nDr. Suzanne A. Wazzan, KSA.<br \/>\nMrs. Shaghayegh Mohammadi, Iran.<br \/>\nAssociate Prof. Dr. T\u00fcrkay Bulut, Turkey.<br \/>\nDr. Munyae M. Mulinge, Kenya.<br \/>\nDr. Ayman Alshboul, Jordan.<br \/>\nDr. Darejan Geladze (Georgia)<br \/>\nProf. M. B. Gajjar (Canada)<br \/>\nProf. Rajnikant C. Gajjar (U.A.E.)<br \/>\nMr. Nilesh Patel (U.K.)<br \/>\nMr. Shailesh D. Patel (U.S.A.)<br \/>\nMr. Kirit B. Prajapati (U.S.A.)<br \/>\nMr. Bhadresh B. Suthar (U.A.E.)<br \/>\nMiss. Shilpa J. Patel (U.S.A.)<br \/>\nDr. Kamlesh P. Suthar (Australia)<br \/>\nDr. Shailesh L. Gajjar (New Zealand)<br \/>\nDr. Dhiren P. Suthar (Canada)<br \/>\nDr. Manish S. Patel (Canada)<br \/>\nDr. Dibyajyoti Saha (Bangladesh)<br \/>\nProf. N. D. Patel (Australia)[\/vc_column_text][\/vc_column][\/vc_row]<\/p>\n<\/div>","protected":false},"excerpt":{"rendered":"<p>[vc_row][vc_column width=&#8221;1\/2&#8243;][vc_column_text]Peer Review Committee Members Dr. Michael O. Akintayo, USA. Dr. Vasileios Pappas, Greece. Dr. \u015e\u00fckran \u00d6ZKAHRAMAN, Turkey. Dr. Eun-Suk SA., South Korea. Dr. Terri Mannarini, Italy. Prof. Khunou Freddie, South Africa. Dr. Jayaben Barevadia (Surat) Dr. Dipika B. Shah (VNSGU-Surat) Dr. V. K. Sapovadia (Ahmedabad) Dr. Shrikhande (Ins. of Mgt. Pune) Dr. D. R. [&hellip;]<\/p>\n","protected":false},"author":1,"featured_media":0,"parent":0,"menu_order":0,"comment_status":"closed","ping_status":"closed","template":"","meta":{"footnotes":""},"class_list":["post-6720","page","type-page","status-publish"],"_links":{"self":[{"href":"https:\/\/raijmr.com\/riap\/wp-json\/wp\/v2\/pages\/6720","targetHints":{"allow":["GET"]}}],"collection":[{"href":"https:\/\/raijmr.com\/riap\/wp-json\/wp\/v2\/pages"}],"about":[{"href":"https:\/\/raijmr.com\/riap\/wp-json\/wp\/v2\/types\/page"}],"author":[{"embeddable":true,"href":"https:\/\/raijmr.com\/riap\/wp-json\/wp\/v2\/users\/1"}],"replies":[{"embeddable":true,"href":"https:\/\/raijmr.com\/riap\/wp-json\/wp\/v2\/comments?post=6720"}],"version-history":[{"count":0,"href":"https:\/\/raijmr.com\/riap\/wp-json\/wp\/v2\/pages\/6720\/revisions"}],"wp:attachment":[{"href":"https:\/\/raijmr.com\/riap\/wp-json\/wp\/v2\/media?parent=6720"}],"curies":[{"name":"wp","href":"https:\/\/api.w.org\/{rel}","templated":true}]}}